{"id":2139,"date":"2022-04-28T13:32:52","date_gmt":"2022-04-28T11:32:52","guid":{"rendered":"https:\/\/uhinaknew.ficoba.org\/contact\/"},"modified":"2025-12-11T15:46:31","modified_gmt":"2025-12-11T14:46:31","slug":"contact","status":"publish","type":"page","link":"https:\/\/www.uhinak.com\/en\/contact\/","title":{"rendered":"Contact"},"content":{"rendered":"\t\t<div data-elementor-type=\"wp-page\" data-elementor-id=\"2139\" class=\"elementor elementor-2139 elementor-74\" data-elementor-post-type=\"page\">\n\t\t\t\t\t\t<section class=\"elementor-section elementor-top-section elementor-element elementor-element-b4839c7 elementor-section-boxed elementor-section-height-default elementor-section-height-default\" data-id=\"b4839c7\" data-element_type=\"section\">\n\t\t\t\t\t\t<div class=\"elementor-container elementor-column-gap-default\">\n\t\t\t\t\t<div class=\"elementor-column elementor-col-100 elementor-top-column elementor-element elementor-element-3c86644\" data-id=\"3c86644\" data-element_type=\"column\">\n\t\t\t<div class=\"elementor-widget-wrap elementor-element-populated\">\n\t\t\t\t\t\t<div class=\"elementor-element elementor-element-ef60c49 elementor-widget elementor-widget-heading\" data-id=\"ef60c49\" data-element_type=\"widget\" data-widget_type=\"heading.default\">\n\t\t\t\t<div class=\"elementor-widget-container\">\n\t\t\t\t\t<p class=\"elementor-heading-title elementor-size-default\">\/Contacto<\/p>\t\t\t\t<\/div>\n\t\t\t\t<\/div>\n\t\t\t\t\t<\/div>\n\t\t<\/div>\n\t\t\t\t\t<\/div>\n\t\t<\/section>\n\t\t\t\t<section class=\"elementor-section elementor-top-section elementor-element elementor-element-6f88f19 elementor-section-height-min-height elementor-section-boxed elementor-section-height-default elementor-section-items-middle\" data-id=\"6f88f19\" data-element_type=\"section\" data-settings=\"{&quot;background_background&quot;:&quot;classic&quot;}\">\n\t\t\t\t\t\t<div class=\"elementor-container elementor-column-gap-default\">\n\t\t\t\t\t<div class=\"elementor-column elementor-col-100 elementor-top-column elementor-element elementor-element-a8b4625\" data-id=\"a8b4625\" data-element_type=\"column\">\n\t\t\t<div class=\"elementor-widget-wrap elementor-element-populated\">\n\t\t\t\t\t\t<section class=\"elementor-section elementor-inner-section elementor-element elementor-element-1dabe2a elementor-section-boxed elementor-section-height-default elementor-section-height-default\" data-id=\"1dabe2a\" data-element_type=\"section\">\n\t\t\t\t\t\t<div class=\"elementor-container elementor-column-gap-default\">\n\t\t\t\t\t<div class=\"elementor-column elementor-col-50 elementor-inner-column elementor-element elementor-element-80c4410\" data-id=\"80c4410\" data-element_type=\"column\">\n\t\t\t<div class=\"elementor-widget-wrap elementor-element-populated\">\n\t\t\t\t\t\t<div class=\"elementor-element elementor-element-27796cf elementor-icon-list--layout-traditional elementor-list-item-link-full_width elementor-widget elementor-widget-icon-list\" data-id=\"27796cf\" data-element_type=\"widget\" data-widget_type=\"icon-list.default\">\n\t\t\t\t<div class=\"elementor-widget-container\">\n\t\t\t\t\t\t\t<ul class=\"elementor-icon-list-items\">\n\t\t\t\t\t\t\t<li class=\"elementor-icon-list-item\">\n\t\t\t\t\t\t\t\t\t\t\t<span class=\"elementor-icon-list-icon\">\n\t\t\t\t\t\t\t<i aria-hidden=\"true\" class=\"fas fa-map-marker-alt\"><\/i>\t\t\t\t\t\t<\/span>\n\t\t\t\t\t\t\t\t\t\t<span class=\"elementor-icon-list-text\">FICOBA, Exhibition Centre of Gipuzkoa<br>Avenida Iparralde 43, 20302 Irun, Gipuzkoa, Spain<\/span>\n\t\t\t\t\t\t\t\t\t<\/li>\n\t\t\t\t\t\t\t\t<li class=\"elementor-icon-list-item\">\n\t\t\t\t\t\t\t\t\t\t\t<span class=\"elementor-icon-list-icon\">\n\t\t\t\t\t\t\t<i aria-hidden=\"true\" class=\"far fa-calendar-alt\"><\/i>\t\t\t\t\t\t<\/span>\n\t\t\t\t\t\t\t\t\t\t<span class=\"elementor-icon-list-text\">October 8 \u2022 9 2026<\/span>\n\t\t\t\t\t\t\t\t\t<\/li>\n\t\t\t\t\t\t\t\t<li class=\"elementor-icon-list-item\">\n\t\t\t\t\t\t\t\t\t\t\t<span class=\"elementor-icon-list-icon\">\n\t\t\t\t\t\t\t<i aria-hidden=\"true\" class=\"fas fa-phone-volume\"><\/i>\t\t\t\t\t\t<\/span>\n\t\t\t\t\t\t\t\t\t\t<span class=\"elementor-icon-list-text\">Phone: <a href=\"+34 943 66 77 88\">+34 943 66 77 88<\/a><\/span>\n\t\t\t\t\t\t\t\t\t<\/li>\n\t\t\t\t\t\t\t\t<li class=\"elementor-icon-list-item\">\n\t\t\t\t\t\t\t\t\t\t\t<span class=\"elementor-icon-list-icon\">\n\t\t\t\t\t\t\t<i aria-hidden=\"true\" class=\"fas fa-envelope\"><\/i>\t\t\t\t\t\t<\/span>\n\t\t\t\t\t\t\t\t\t\t<span class=\"elementor-icon-list-text\">E-mail: <a href=\"mailto:uhinak@ficoba.org\">uhinak@ficoba.org<\/a><\/span>\n\t\t\t\t\t\t\t\t\t<\/li>\n\t\t\t\t\t\t<\/ul>\n\t\t\t\t\t\t<\/div>\n\t\t\t\t<\/div>\n\t\t\t\t\t<\/div>\n\t\t<\/div>\n\t\t\t\t<div class=\"elementor-column elementor-col-50 elementor-inner-column elementor-element elementor-element-5754db9\" data-id=\"5754db9\" data-element_type=\"column\">\n\t\t\t<div class=\"elementor-widget-wrap elementor-element-populated\">\n\t\t\t\t\t\t<div class=\"elementor-element elementor-element-dce2ee0 elementor-widget elementor-widget-html\" data-id=\"dce2ee0\" data-element_type=\"widget\" data-widget_type=\"html.default\">\n\t\t\t\t<div class=\"elementor-widget-container\">\n\t\t\t\t\t<div class=\"mapouter\"><div class=\"gmap_canvas\"><iframe class=\"gmap_iframe\" width=\"100%\" frameborder=\"0\" scrolling=\"no\" marginheight=\"0\" marginwidth=\"0\" src=\"https:\/\/maps.google.com\/maps?width=400&amp;height=400&amp;hl=en&amp;q=ficoba&amp;t=&amp;z=14&amp;ie=UTF8&amp;iwloc=B&amp;output=embed\"><\/iframe><a href=\"https:\/\/kokagames.com\/\">Koka Games<\/a><\/div><style>.mapouter{position:relative;text-align:right;width:100%;height:300px;}.gmap_canvas {overflow:hidden;background:none!important;width:100%;height:320px;}.gmap_iframe {height:400px!important;}<\/style><\/div>\t\t\t\t<\/div>\n\t\t\t\t<\/div>\n\t\t\t\t\t<\/div>\n\t\t<\/div>\n\t\t\t\t\t<\/div>\n\t\t<\/section>\n\t\t\t\t\t<\/div>\n\t\t<\/div>\n\t\t\t\t\t<\/div>\n\t\t<\/section>\n\t\t\t\t<section class=\"elementor-section elementor-top-section elementor-element elementor-element-d77eb20 elementor-section-height-min-height elementor-section-boxed elementor-section-height-default elementor-section-items-middle\" data-id=\"d77eb20\" data-element_type=\"section\" data-settings=\"{&quot;background_background&quot;:&quot;classic&quot;}\">\n\t\t\t\t\t\t<div class=\"elementor-container elementor-column-gap-default\">\n\t\t\t\t\t<div class=\"elementor-column elementor-col-100 elementor-top-column elementor-element elementor-element-50c5d9a\" data-id=\"50c5d9a\" data-element_type=\"column\">\n\t\t\t<div class=\"elementor-widget-wrap elementor-element-populated\">\n\t\t\t\t\t\t<section class=\"elementor-section elementor-inner-section elementor-element elementor-element-7937f3c elementor-section-boxed elementor-section-height-default elementor-section-height-default\" data-id=\"7937f3c\" data-element_type=\"section\">\n\t\t\t\t\t\t<div class=\"elementor-container elementor-column-gap-default\">\n\t\t\t\t\t<div class=\"elementor-column elementor-col-33 elementor-inner-column elementor-element elementor-element-aa8e970\" data-id=\"aa8e970\" data-element_type=\"column\">\n\t\t\t<div class=\"elementor-widget-wrap elementor-element-populated\">\n\t\t\t\t\t\t<div class=\"elementor-element elementor-element-d5feb31 elementor-view-default elementor-position-block-start elementor-mobile-position-block-start elementor-widget elementor-widget-icon-box\" data-id=\"d5feb31\" data-element_type=\"widget\" data-widget_type=\"icon-box.default\">\n\t\t\t\t<div class=\"elementor-widget-container\">\n\t\t\t\t\t\t\t<div class=\"elementor-icon-box-wrapper\">\n\n\t\t\t\t\t\t<div class=\"elementor-icon-box-icon\">\n\t\t\t\t<span  class=\"elementor-icon\">\n\t\t\t\t<i aria-hidden=\"true\" class=\"fas fa-plane-departure\"><\/i>\t\t\t\t<\/span>\n\t\t\t<\/div>\n\t\t\t\n\t\t\t\t\t\t<div class=\"elementor-icon-box-content\">\n\n\t\t\t\t\n\t\t\t\t\t\t\t\t\t<p class=\"elementor-icon-box-description\">\n\t\t\t\t\t\tDonostia - San Sebasti\u00e1n: 5 km<br>Biarritz: 20 km<br>Pamplona - Iru\u00f1a: 106 Km<br>Bilbao: 115 km\t\t\t\t\t<\/p>\n\t\t\t\t\n\t\t\t<\/div>\n\t\t\t\n\t\t<\/div>\n\t\t\t\t\t\t<\/div>\n\t\t\t\t<\/div>\n\t\t\t\t\t<\/div>\n\t\t<\/div>\n\t\t\t\t<div class=\"elementor-column elementor-col-33 elementor-inner-column elementor-element elementor-element-7708890\" data-id=\"7708890\" data-element_type=\"column\">\n\t\t\t<div class=\"elementor-widget-wrap elementor-element-populated\">\n\t\t\t\t\t\t<div class=\"elementor-element elementor-element-696fcfd elementor-view-default elementor-position-block-start elementor-mobile-position-block-start elementor-widget elementor-widget-icon-box\" data-id=\"696fcfd\" data-element_type=\"widget\" data-widget_type=\"icon-box.default\">\n\t\t\t\t<div class=\"elementor-widget-container\">\n\t\t\t\t\t\t\t<div class=\"elementor-icon-box-wrapper\">\n\n\t\t\t\t\t\t<div class=\"elementor-icon-box-icon\">\n\t\t\t\t<span  class=\"elementor-icon\">\n\t\t\t\t<i aria-hidden=\"true\" class=\"fas fa-train\"><\/i>\t\t\t\t<\/span>\n\t\t\t<\/div>\n\t\t\t\n\t\t\t\t\t\t<div class=\"elementor-icon-box-content\">\n\n\t\t\t\t\n\t\t\t\t\t\t\t\t\t<p class=\"elementor-icon-box-description\">\n\t\t\t\t\t\tEuskotren (Topo): 0 km<br>Renfe: 1 km<br>TGV - SNCF: 1 km<br>\t\t\t\t\t<\/p>\n\t\t\t\t\n\t\t\t<\/div>\n\t\t\t\n\t\t<\/div>\n\t\t\t\t\t\t<\/div>\n\t\t\t\t<\/div>\n\t\t\t\t\t<\/div>\n\t\t<\/div>\n\t\t\t\t<div class=\"elementor-column elementor-col-33 elementor-inner-column elementor-element elementor-element-a25504e\" data-id=\"a25504e\" data-element_type=\"column\">\n\t\t\t<div class=\"elementor-widget-wrap elementor-element-populated\">\n\t\t\t\t\t\t<div class=\"elementor-element elementor-element-103f868 elementor-view-default elementor-position-block-start elementor-mobile-position-block-start elementor-widget elementor-widget-icon-box\" data-id=\"103f868\" data-element_type=\"widget\" data-widget_type=\"icon-box.default\">\n\t\t\t\t<div class=\"elementor-widget-container\">\n\t\t\t\t\t\t\t<div class=\"elementor-icon-box-wrapper\">\n\n\t\t\t\t\t\t<div class=\"elementor-icon-box-icon\">\n\t\t\t\t<span  class=\"elementor-icon\">\n\t\t\t\t<i aria-hidden=\"true\" class=\"fas fa-car\"><\/i>\t\t\t\t<\/span>\n\t\t\t<\/div>\n\t\t\t\n\t\t\t\t\t\t<div class=\"elementor-icon-box-content\">\n\n\t\t\t\t\n\t\t\t\t\t\t\t\t\t<p class=\"elementor-icon-box-description\">\n\t\t\t\t\t\tDonostia - San Sebasti\u00e1n: 20 km<br>Pamplona - Iru\u00f1a: 98 km<br>Bilbao: 115 km<br>Vitoria - Gasteiz: 118 km<br>Bordeaux: 215 km\t\t\t\t\t<\/p>\n\t\t\t\t\n\t\t\t<\/div>\n\t\t\t\n\t\t<\/div>\n\t\t\t\t\t\t<\/div>\n\t\t\t\t<\/div>\n\t\t\t\t\t<\/div>\n\t\t<\/div>\n\t\t\t\t\t<\/div>\n\t\t<\/section>\n\t\t\t\t<section class=\"elementor-section elementor-inner-section elementor-element elementor-element-ab0e1ae elementor-section-boxed elementor-section-height-default elementor-section-height-default\" data-id=\"ab0e1ae\" data-element_type=\"section\">\n\t\t\t\t\t\t<div class=\"elementor-container elementor-column-gap-default\">\n\t\t\t\t\t<div class=\"elementor-column elementor-col-33 elementor-inner-column elementor-element elementor-element-517e552\" data-id=\"517e552\" data-element_type=\"column\">\n\t\t\t<div class=\"elementor-widget-wrap elementor-element-populated\">\n\t\t\t\t\t\t<div class=\"elementor-element elementor-element-f85fe00 elementor-view-default elementor-position-block-start elementor-mobile-position-block-start elementor-widget elementor-widget-icon-box\" data-id=\"f85fe00\" data-element_type=\"widget\" data-widget_type=\"icon-box.default\">\n\t\t\t\t<div class=\"elementor-widget-container\">\n\t\t\t\t\t\t\t<div class=\"elementor-icon-box-wrapper\">\n\n\t\t\t\t\t\t<div class=\"elementor-icon-box-icon\">\n\t\t\t\t<span  class=\"elementor-icon\">\n\t\t\t\t<i aria-hidden=\"true\" class=\"fas fa-taxi\"><\/i>\t\t\t\t<\/span>\n\t\t\t<\/div>\n\t\t\t\n\t\t\t\t\t\t<div class=\"elementor-icon-box-content\">\n\n\t\t\t\t\n\t\t\t\t\t\t\t\t\t<p class=\"elementor-icon-box-description\">\n\t\t\t\t\t\t<strong>Taxi<\/strong>\nRadio Taxi Bidasoa<br>(Irun-Hondarribia)<br>943 63 33 03<br>www.radiotaxibidasoa.com\t\t\t\t\t<\/p>\n\t\t\t\t\n\t\t\t<\/div>\n\t\t\t\n\t\t<\/div>\n\t\t\t\t\t\t<\/div>\n\t\t\t\t<\/div>\n\t\t\t\t\t<\/div>\n\t\t<\/div>\n\t\t\t\t<div class=\"elementor-column elementor-col-33 elementor-inner-column elementor-element elementor-element-c87bd0c\" data-id=\"c87bd0c\" data-element_type=\"column\">\n\t\t\t<div class=\"elementor-widget-wrap elementor-element-populated\">\n\t\t\t\t\t\t<div class=\"elementor-element elementor-element-424f08e elementor-view-default elementor-position-block-start elementor-mobile-position-block-start elementor-widget elementor-widget-icon-box\" data-id=\"424f08e\" data-element_type=\"widget\" data-widget_type=\"icon-box.default\">\n\t\t\t\t<div class=\"elementor-widget-container\">\n\t\t\t\t\t\t\t<div class=\"elementor-icon-box-wrapper\">\n\n\t\t\t\t\t\t<div class=\"elementor-icon-box-icon\">\n\t\t\t\t<span  class=\"elementor-icon\">\n\t\t\t\t<i aria-hidden=\"true\" class=\"fas fa-bed\"><\/i>\t\t\t\t<\/span>\n\t\t\t<\/div>\n\t\t\t\n\t\t\t\t\t\t<div class=\"elementor-icon-box-content\">\n\n\t\t\t\t\n\t\t\t\t\t\t\t\t\t<p class=\"elementor-icon-box-description\">\n\t\t\t\t\t\t<strong>Accommodation <\/strong><br><a href=\"https:\/\/www.bidasoaturismo.com\/\" target=\"_blank\">Bidasoa Turismo<\/a><br><a href=\"https:\/\/www.sansebastianturismoa.eus\/es\/\" target=\"_blank\">Donostia Turismo<\/a><br><a href=\"https:\/\/www.gipuzkoasansebastian.eus\/es\/prepara-tu-viaje\/alojamientos\" target=\"_blank\">Gipuzkoa<\/a>\n\n\t\t\t\t\t<\/p>\n\t\t\t\t\n\t\t\t<\/div>\n\t\t\t\n\t\t<\/div>\n\t\t\t\t\t\t<\/div>\n\t\t\t\t<\/div>\n\t\t\t\t\t<\/div>\n\t\t<\/div>\n\t\t\t\t<div class=\"elementor-column elementor-col-33 elementor-inner-column elementor-element elementor-element-a105665\" data-id=\"a105665\" data-element_type=\"column\">\n\t\t\t<div class=\"elementor-widget-wrap elementor-element-populated\">\n\t\t\t\t\t\t<div class=\"elementor-element elementor-element-5aca677 elementor-view-default elementor-position-block-start elementor-mobile-position-block-start elementor-widget elementor-widget-icon-box\" data-id=\"5aca677\" data-element_type=\"widget\" data-widget_type=\"icon-box.default\">\n\t\t\t\t<div class=\"elementor-widget-container\">\n\t\t\t\t\t\t\t<div class=\"elementor-icon-box-wrapper\">\n\n\t\t\t\t\t\t<div class=\"elementor-icon-box-icon\">\n\t\t\t\t<span  class=\"elementor-icon\">\n\t\t\t\t<i aria-hidden=\"true\" class=\"fas fa-parking\"><\/i>\t\t\t\t<\/span>\n\t\t\t<\/div>\n\t\t\t\n\t\t\t\t\t\t<div class=\"elementor-icon-box-content\">\n\n\t\t\t\t\n\t\t\t\t\t\t\t\t\t<p class=\"elementor-icon-box-description\">\n\t\t\t\t\t\t<strong>Parking<\/strong><br>Free parking for visitors and exhibitors from 7:00 a.m. to 10:00 p.m.\t\t\t\t\t<\/p>\n\t\t\t\t\n\t\t\t<\/div>\n\t\t\t\n\t\t<\/div>\n\t\t\t\t\t\t<\/div>\n\t\t\t\t<\/div>\n\t\t\t\t<div class=\"elementor-element elementor-element-da344da elementor-widget elementor-widget-image\" data-id=\"da344da\" data-element_type=\"widget\" data-widget_type=\"image.default\">\n\t\t\t\t<div class=\"elementor-widget-container\">\n\t\t\t\t\t\t\t\t\t\t\t\t\t\t\t<img decoding=\"async\" src=\"https:\/\/www.uhinak.com\/wp-content\/uploads\/2022\/06\/carga-electrica.svg\" title=\"carga-electrica\" alt=\"carga-electrica\" loading=\"lazy\" \/>\t\t\t\t\t\t\t\t\t\t\t\t\t\t\t<\/div>\n\t\t\t\t<\/div>\n\t\t\t\t<div class=\"elementor-element elementor-element-5d47f12 elementor-widget elementor-widget-text-editor\" data-id=\"5d47f12\" data-element_type=\"widget\" data-widget_type=\"text-editor.default\">\n\t\t\t\t<div class=\"elementor-widget-container\">\n\t\t\t\t\t\t\t\t\t<p style=\"text-align: center;\">Electric charging point<br>Type 2 in underground car park<br>Charging type: Normal (up to 22 kW)<\/p>\t\t\t\t\t\t\t\t<\/div>\n\t\t\t\t<\/div>\n\t\t\t\t<div class=\"elementor-element elementor-element-db0c1f1 elementor-widget elementor-widget-image\" data-id=\"db0c1f1\" data-element_type=\"widget\" data-widget_type=\"image.default\">\n\t\t\t\t<div class=\"elementor-widget-container\">\n\t\t\t\t\t\t\t\t\t\t\t\t\t\t\t<img decoding=\"async\" width=\"112\" height=\"23\" src=\"https:\/\/www.uhinak.com\/wp-content\/uploads\/2022\/06\/logo-repsol-03.png\" class=\"attachment-thumbnail size-thumbnail wp-image-3508\" alt=\"\" \/>\t\t\t\t\t\t\t\t\t\t\t\t\t\t\t<\/div>\n\t\t\t\t<\/div>\n\t\t\t\t\t<\/div>\n\t\t<\/div>\n\t\t\t\t\t<\/div>\n\t\t<\/section>\n\t\t\t\t\t<\/div>\n\t\t<\/div>\n\t\t\t\t\t<\/div>\n\t\t<\/section>\n\t\t\t\t<\/div>\n\t\t","protected":false},"excerpt":{"rendered":"<p>\/Contacto FICOBA, Exhibition Centre of GipuzkoaAvenida Iparralde 43, 20302 Irun, Gipuzkoa, Spain October 8 \u2022 9 2026 Phone: +34 943 66 77 88 E-mail: uhinak@ficoba.org Koka Games Donostia &#8211; San Sebasti\u00e1n: 5 kmBiarritz: 20 kmPamplona &#8211; Iru\u00f1a: 106 KmBilbao: 115 km Euskotren (Topo): 0 kmRenfe: 1 kmTGV &#8211; SNCF: 1 km Donostia &#8211; San Sebasti\u00e1n: [&hellip;]<\/p>\n","protected":false},"author":9,"featured_media":0,"parent":0,"menu_order":0,"comment_status":"closed","ping_status":"closed","template":"elementor_header_footer","meta":{"footnotes":""},"class_list":["post-2139","page","type-page","status-publish","hentry"],"yoast_head":"<!-- This site is optimized with the Yoast SEO plugin v26.8 - https:\/\/yoast.com\/product\/yoast-seo-wordpress\/ -->\n<title>Contact - uhinak<\/title>\n<meta name=\"description\" content=\"October 8 \u2022 9 2026, FICOBA, Exhibition Centre of GipuzkoaAvenida Iparralde 43, 20302 Irun, Gipuzkoa, Spain\" \/>\n<meta name=\"robots\" content=\"index, follow, max-snippet:-1, max-image-preview:large, max-video-preview:-1\" \/>\n<link rel=\"canonical\" href=\"https:\/\/www.uhinak.com\/en\/contact\/\" \/>\n<meta property=\"og:locale\" content=\"en_US\" \/>\n<meta property=\"og:type\" content=\"article\" \/>\n<meta property=\"og:title\" content=\"Contact - uhinak\" \/>\n<meta property=\"og:description\" content=\"October 8 \u2022 9 2026, FICOBA, Exhibition Centre of GipuzkoaAvenida Iparralde 43, 20302 Irun, Gipuzkoa, Spain\" \/>\n<meta property=\"og:url\" content=\"https:\/\/www.uhinak.com\/en\/contact\/\" \/>\n<meta property=\"og:site_name\" content=\"uhinak\" \/>\n<meta property=\"article:modified_time\" content=\"2025-12-11T14:46:31+00:00\" \/>\n<meta property=\"og:image\" content=\"https:\/\/www.uhinak.com\/wp-content\/uploads\/2022\/06\/carga-electrica.svg\" \/>\n<meta name=\"twitter:card\" content=\"summary_large_image\" \/>\n<meta name=\"twitter:site\" content=\"@UhinakK\" \/>\n<script type=\"application\/ld+json\" class=\"yoast-schema-graph\">{\"@context\":\"https:\/\/schema.org\",\"@graph\":[{\"@type\":\"WebPage\",\"@id\":\"https:\/\/www.uhinak.com\/en\/contact\/\",\"url\":\"https:\/\/www.uhinak.com\/en\/contact\/\",\"name\":\"Contact - uhinak\",\"isPartOf\":{\"@id\":\"https:\/\/www.uhinak.com\/#website\"},\"primaryImageOfPage\":{\"@id\":\"https:\/\/www.uhinak.com\/en\/contact\/#primaryimage\"},\"image\":{\"@id\":\"https:\/\/www.uhinak.com\/en\/contact\/#primaryimage\"},\"thumbnailUrl\":\"https:\/\/www.uhinak.com\/wp-content\/uploads\/2022\/06\/carga-electrica.svg\",\"datePublished\":\"2022-04-28T11:32:52+00:00\",\"dateModified\":\"2025-12-11T14:46:31+00:00\",\"description\":\"October 8 \u2022 9 2026, FICOBA, Exhibition Centre of GipuzkoaAvenida Iparralde 43, 20302 Irun, Gipuzkoa, Spain\",\"breadcrumb\":{\"@id\":\"https:\/\/www.uhinak.com\/en\/contact\/#breadcrumb\"},\"inLanguage\":\"en-US\",\"potentialAction\":[{\"@type\":\"ReadAction\",\"target\":[\"https:\/\/www.uhinak.com\/en\/contact\/\"]}]},{\"@type\":\"ImageObject\",\"inLanguage\":\"en-US\",\"@id\":\"https:\/\/www.uhinak.com\/en\/contact\/#primaryimage\",\"url\":\"https:\/\/www.uhinak.com\/wp-content\/uploads\/2022\/06\/carga-electrica.svg\",\"contentUrl\":\"https:\/\/www.uhinak.com\/wp-content\/uploads\/2022\/06\/carga-electrica.svg\"},{\"@type\":\"BreadcrumbList\",\"@id\":\"https:\/\/www.uhinak.com\/en\/contact\/#breadcrumb\",\"itemListElement\":[{\"@type\":\"ListItem\",\"position\":1,\"name\":\"Portada\",\"item\":\"https:\/\/www.uhinak.com\/en\/home\/\"},{\"@type\":\"ListItem\",\"position\":2,\"name\":\"Contact\"}]},{\"@type\":\"WebSite\",\"@id\":\"https:\/\/www.uhinak.com\/#website\",\"url\":\"https:\/\/www.uhinak.com\/\",\"name\":\"uhinak\",\"description\":\"VII Congreso transfronterizo sobre Cambio Clim\u00e1tico y Litoral\",\"publisher\":{\"@id\":\"https:\/\/www.uhinak.com\/#organization\"},\"alternateName\":\"VI Congreso transfronterizo sobre Cambio Clim\u00e1tico y Litoral\",\"potentialAction\":[{\"@type\":\"SearchAction\",\"target\":{\"@type\":\"EntryPoint\",\"urlTemplate\":\"https:\/\/www.uhinak.com\/?s={search_term_string}\"},\"query-input\":{\"@type\":\"PropertyValueSpecification\",\"valueRequired\":true,\"valueName\":\"search_term_string\"}}],\"inLanguage\":\"en-US\"},{\"@type\":\"Organization\",\"@id\":\"https:\/\/www.uhinak.com\/#organization\",\"name\":\"uhinak\",\"alternateName\":\"VI Congreso transfronterizo sobre Cambio Clim\u00e1tico y Litoral\",\"url\":\"https:\/\/www.uhinak.com\/\",\"logo\":{\"@type\":\"ImageObject\",\"inLanguage\":\"en-US\",\"@id\":\"https:\/\/www.uhinak.com\/#\/schema\/logo\/image\/\",\"url\":\"https:\/\/www.uhinak.com\/wp-content\/uploads\/2022\/04\/logo_uhinak.png\",\"contentUrl\":\"https:\/\/www.uhinak.com\/wp-content\/uploads\/2022\/04\/logo_uhinak.png\",\"width\":216,\"height\":138,\"caption\":\"uhinak\"},\"image\":{\"@id\":\"https:\/\/www.uhinak.com\/#\/schema\/logo\/image\/\"},\"sameAs\":[\"https:\/\/x.com\/UhinakK\",\"https:\/\/www.linkedin.com\/company\/ficoba\/\"]}]}<\/script>\n<!-- \/ Yoast SEO plugin. -->","yoast_head_json":{"title":"Contact - uhinak","description":"October 8 \u2022 9 2026, FICOBA, Exhibition Centre of GipuzkoaAvenida Iparralde 43, 20302 Irun, Gipuzkoa, Spain","robots":{"index":"index","follow":"follow","max-snippet":"max-snippet:-1","max-image-preview":"max-image-preview:large","max-video-preview":"max-video-preview:-1"},"canonical":"https:\/\/www.uhinak.com\/en\/contact\/","og_locale":"en_US","og_type":"article","og_title":"Contact - uhinak","og_description":"October 8 \u2022 9 2026, FICOBA, Exhibition Centre of GipuzkoaAvenida Iparralde 43, 20302 Irun, Gipuzkoa, Spain","og_url":"https:\/\/www.uhinak.com\/en\/contact\/","og_site_name":"uhinak","article_modified_time":"2025-12-11T14:46:31+00:00","og_image":[{"url":"https:\/\/www.uhinak.com\/wp-content\/uploads\/2022\/06\/carga-electrica.svg","type":"","width":"","height":""}],"twitter_card":"summary_large_image","twitter_site":"@UhinakK","schema":{"@context":"https:\/\/schema.org","@graph":[{"@type":"WebPage","@id":"https:\/\/www.uhinak.com\/en\/contact\/","url":"https:\/\/www.uhinak.com\/en\/contact\/","name":"Contact - uhinak","isPartOf":{"@id":"https:\/\/www.uhinak.com\/#website"},"primaryImageOfPage":{"@id":"https:\/\/www.uhinak.com\/en\/contact\/#primaryimage"},"image":{"@id":"https:\/\/www.uhinak.com\/en\/contact\/#primaryimage"},"thumbnailUrl":"https:\/\/www.uhinak.com\/wp-content\/uploads\/2022\/06\/carga-electrica.svg","datePublished":"2022-04-28T11:32:52+00:00","dateModified":"2025-12-11T14:46:31+00:00","description":"October 8 \u2022 9 2026, FICOBA, Exhibition Centre of GipuzkoaAvenida Iparralde 43, 20302 Irun, Gipuzkoa, Spain","breadcrumb":{"@id":"https:\/\/www.uhinak.com\/en\/contact\/#breadcrumb"},"inLanguage":"en-US","potentialAction":[{"@type":"ReadAction","target":["https:\/\/www.uhinak.com\/en\/contact\/"]}]},{"@type":"ImageObject","inLanguage":"en-US","@id":"https:\/\/www.uhinak.com\/en\/contact\/#primaryimage","url":"https:\/\/www.uhinak.com\/wp-content\/uploads\/2022\/06\/carga-electrica.svg","contentUrl":"https:\/\/www.uhinak.com\/wp-content\/uploads\/2022\/06\/carga-electrica.svg"},{"@type":"BreadcrumbList","@id":"https:\/\/www.uhinak.com\/en\/contact\/#breadcrumb","itemListElement":[{"@type":"ListItem","position":1,"name":"Portada","item":"https:\/\/www.uhinak.com\/en\/home\/"},{"@type":"ListItem","position":2,"name":"Contact"}]},{"@type":"WebSite","@id":"https:\/\/www.uhinak.com\/#website","url":"https:\/\/www.uhinak.com\/","name":"uhinak","description":"VII Congreso transfronterizo sobre Cambio Clim\u00e1tico y Litoral","publisher":{"@id":"https:\/\/www.uhinak.com\/#organization"},"alternateName":"VI Congreso transfronterizo sobre Cambio Clim\u00e1tico y Litoral","potentialAction":[{"@type":"SearchAction","target":{"@type":"EntryPoint","urlTemplate":"https:\/\/www.uhinak.com\/?s={search_term_string}"},"query-input":{"@type":"PropertyValueSpecification","valueRequired":true,"valueName":"search_term_string"}}],"inLanguage":"en-US"},{"@type":"Organization","@id":"https:\/\/www.uhinak.com\/#organization","name":"uhinak","alternateName":"VI Congreso transfronterizo sobre Cambio Clim\u00e1tico y Litoral","url":"https:\/\/www.uhinak.com\/","logo":{"@type":"ImageObject","inLanguage":"en-US","@id":"https:\/\/www.uhinak.com\/#\/schema\/logo\/image\/","url":"https:\/\/www.uhinak.com\/wp-content\/uploads\/2022\/04\/logo_uhinak.png","contentUrl":"https:\/\/www.uhinak.com\/wp-content\/uploads\/2022\/04\/logo_uhinak.png","width":216,"height":138,"caption":"uhinak"},"image":{"@id":"https:\/\/www.uhinak.com\/#\/schema\/logo\/image\/"},"sameAs":["https:\/\/x.com\/UhinakK","https:\/\/www.linkedin.com\/company\/ficoba\/"]}]}},"_links":{"self":[{"href":"https:\/\/www.uhinak.com\/en\/wp-json\/wp\/v2\/pages\/2139","targetHints":{"allow":["GET"]}}],"collection":[{"href":"https:\/\/www.uhinak.com\/en\/wp-json\/wp\/v2\/pages"}],"about":[{"href":"https:\/\/www.uhinak.com\/en\/wp-json\/wp\/v2\/types\/page"}],"author":[{"embeddable":true,"href":"https:\/\/www.uhinak.com\/en\/wp-json\/wp\/v2\/users\/9"}],"replies":[{"embeddable":true,"href":"https:\/\/www.uhinak.com\/en\/wp-json\/wp\/v2\/comments?post=2139"}],"version-history":[{"count":6,"href":"https:\/\/www.uhinak.com\/en\/wp-json\/wp\/v2\/pages\/2139\/revisions"}],"predecessor-version":[{"id":8319,"href":"https:\/\/www.uhinak.com\/en\/wp-json\/wp\/v2\/pages\/2139\/revisions\/8319"}],"wp:attachment":[{"href":"https:\/\/www.uhinak.com\/en\/wp-json\/wp\/v2\/media?parent=2139"}],"curies":[{"name":"wp","href":"https:\/\/api.w.org\/{rel}","templated":true}]}}